{"id":1509,"date":"2022-02-10T16:50:21","date_gmt":"2022-02-10T13:50:21","guid":{"rendered":"http:\/\/www.iyarder.org.tr\/supports\/?page_id=1509"},"modified":"2022-02-10T17:16:22","modified_gmt":"2022-02-10T14:16:22","slug":"sifre-sifirlama-formu","status":"publish","type":"page","link":"https:\/\/www.iyarder.org.tr\/supports\/?page_id=1509","title":{"rendered":"\u015eifre S\u0131f\u0131rlama Talep Formu"},"content":{"rendered":"<div class=\"wpcf7 no-js\" id=\"wpcf7-f1513-o1\" lang=\"tr-TR\" dir=\"ltr\">\n<div class=\"screen-reader-response\"><p role=\"status\" aria-live=\"polite\" aria-atomic=\"true\"><\/p> <ul><\/ul><\/div>\n<form action=\"\/supports\/index.php?rest_route=%2Fwp%2Fv2%2Fpages%2F1509#wpcf7-f1513-o1\" method=\"post\" class=\"wpcf7-form init cf7skins cf7t-fieldset-basic cf7s-caspar\" aria-label=\"Contact form\" novalidate=\"novalidate\" data-status=\"init\">\n<div style=\"display: none;\">\n<input type=\"hidden\" name=\"_wpcf7\" value=\"1513\" \/>\n<input type=\"hidden\" name=\"_wpcf7_version\" value=\"5.7.2\" \/>\n<input type=\"hidden\" name=\"_wpcf7_locale\" value=\"tr_TR\" \/>\n<input type=\"hidden\" name=\"_wpcf7_unit_tag\" value=\"wpcf7-f1513-o1\" \/>\n<input type=\"hidden\" name=\"_wpcf7_container_post\" value=\"0\" \/>\n<input type=\"hidden\" name=\"_wpcf7_posted_data_hash\" value=\"\" \/>\n<\/div>\n<p><span class=\"wpcf7-form-control-wrap\" data-name=\"your-name\"><input size=\"40\" class=\"wpcf7-form-control wpcf7-text wpcf7-validates-as-required\" id=\"your-name\" aria-required=\"true\" aria-invalid=\"false\" placeholder=\"Ad\u0131n\u0131z Soyad\u0131n\u0131z\" value=\"\" type=\"text\" name=\"your-name\" \/><\/span>\n<\/p>\n<p><span class=\"wpcf7-form-control-wrap\" data-name=\"text-121\"><input size=\"40\" class=\"wpcf7-form-control wpcf7-text wpcf7-validates-as-required\" id=\"text-121\" aria-required=\"true\" aria-invalid=\"false\" placeholder=\"T.C Kimlik Numaran\u0131z\" value=\"\" type=\"text\" name=\"text-121\" \/><\/span>\n<\/p>\n<p><span class=\"wpcf7-form-control-wrap\" data-name=\"your-email\"><input size=\"40\" class=\"wpcf7-form-control wpcf7-text wpcf7-email wpcf7-validates-as-email\" id=\"your-email\" aria-invalid=\"false\" placeholder=\"E-Mail Adresi ( Yeni \u015eifre G\u00f6nderilecek )\" value=\"\" type=\"email\" name=\"your-email\" \/><\/span>\n<\/p>\n<p>G\u00fcvenlik Kodu : <span class=\"wpcf7-form-control-wrap\" data-name=\"math-quiz\"><label><span class=\"wpcf7-quiz-label\">2 + 28 = ?<\/span> <input size=\"40\" class=\"wpcf7-form-control wpcf7-quiz\" id=\"math-quiz\" autocomplete=\"off\" aria-required=\"true\" aria-invalid=\"false\" type=\"text\" name=\"math-quiz\" \/><\/label><input type=\"hidden\" name=\"_wpcf7_quiz_answer_math-quiz\" value=\"8b6f8ba84e2cc70cf52681f167659b10\" \/><\/span>\n<\/p>\n<p><input type=\"submit\" style=\"background-color:#d31c31;color:white;width:100%\" name=\"gonder\" id=\"singlebutton\" value=\"G\u00d6NDER\" \/>\n<\/p><div class=\"wpcf7-response-output\" aria-hidden=\"true\"><\/div><\/form><\/div>\n","protected":false},"excerpt":{"rendered":"","protected":false},"author":1023452,"featured_media":0,"parent":0,"menu_order":0,"comment_status":"closed","ping_status":"closed","template":"template-tags.php","meta":[],"_links":{"self":[{"href":"https:\/\/www.iyarder.org.tr\/supports\/index.php?rest_route=\/wp\/v2\/pages\/1509"}],"collection":[{"href":"https:\/\/www.iyarder.org.tr\/supports\/index.php?rest_route=\/wp\/v2\/pages"}],"about":[{"href":"https:\/\/www.iyarder.org.tr\/supports\/index.php?rest_route=\/wp\/v2\/types\/page"}],"author":[{"embeddable":true,"href":"https:\/\/www.iyarder.org.tr\/supports\/index.php?rest_route=\/wp\/v2\/users\/1023452"}],"replies":[{"embeddable":true,"href":"https:\/\/www.iyarder.org.tr\/supports\/index.php?rest_route=%2Fwp%2Fv2%2Fcomments&post=1509"}],"version-history":[{"count":2,"href":"https:\/\/www.iyarder.org.tr\/supports\/index.php?rest_route=\/wp\/v2\/pages\/1509\/revisions"}],"predecessor-version":[{"id":1511,"href":"https:\/\/www.iyarder.org.tr\/supports\/index.php?rest_route=\/wp\/v2\/pages\/1509\/revisions\/1511"}],"wp:attachment":[{"href":"https:\/\/www.iyarder.org.tr\/supports\/index.php?rest_route=%2Fwp%2Fv2%2Fmedia&parent=1509"}],"curies":[{"name":"wp","href":"https:\/\/api.w.org\/{rel}","templated":true}]}}