{"id":505,"date":"2012-03-25T11:58:47","date_gmt":"2012-03-25T08:58:47","guid":{"rendered":"http:\/\/www.iyarder.org.tr\/supports\/?page_id=505"},"modified":"2021-11-30T15:42:52","modified_gmt":"2021-11-30T12:42:52","slug":"iletisim-2","status":"publish","type":"page","link":"https:\/\/www.iyarder.org.tr\/supports\/?page_id=505","title":{"rendered":"\u0130leti\u015fim Bilgilerimiz"},"content":{"rendered":"<p><img decoding=\"async\" loading=\"lazy\" class=\"alignnone wp-image-1305 size-full\" src=\"https:\/\/www.iyarder.org.tr\/supports\/wp-content\/uploads\/iletisim.png\" alt=\"\" width=\"640\" height=\"300\" srcset=\"https:\/\/www.iyarder.org.tr\/supports\/wp-content\/uploads\/iletisim.png 640w, https:\/\/www.iyarder.org.tr\/supports\/wp-content\/uploads\/iletisim-300x141.png 300w\" sizes=\"(max-width: 640px) 100vw, 640px\" \/><br \/>\n<div class=\"wpcf7 no-js\" id=\"wpcf7-f1488-o1\" lang=\"tr-TR\" dir=\"ltr\">\n<div class=\"screen-reader-response\"><p role=\"status\" aria-live=\"polite\" aria-atomic=\"true\"><\/p> <ul><\/ul><\/div>\n<form action=\"\/supports\/index.php?rest_route=%2Fwp%2Fv2%2Fpages%2F505#wpcf7-f1488-o1\" method=\"post\" class=\"wpcf7-form init cf7skins cf7t-fieldset-basic cf7s-caspar\" aria-label=\"Contact form\" enctype=\"multipart\/form-data\" novalidate=\"novalidate\" data-status=\"init\">\n<div style=\"display: none;\">\n<input type=\"hidden\" name=\"_wpcf7\" value=\"1488\" \/>\n<input type=\"hidden\" name=\"_wpcf7_version\" value=\"5.7.2\" \/>\n<input type=\"hidden\" name=\"_wpcf7_locale\" value=\"tr_TR\" \/>\n<input type=\"hidden\" name=\"_wpcf7_unit_tag\" value=\"wpcf7-f1488-o1\" \/>\n<input type=\"hidden\" name=\"_wpcf7_container_post\" value=\"0\" \/>\n<input type=\"hidden\" name=\"_wpcf7_posted_data_hash\" value=\"\" \/>\n<\/div>\n<p><span class=\"wpcf7-form-control-wrap\" data-name=\"your-name\"><input size=\"40\" class=\"wpcf7-form-control wpcf7-text wpcf7-validates-as-required\" id=\"your-name\" aria-required=\"true\" aria-invalid=\"false\" placeholder=\"Ad Soyad\" value=\"\" type=\"text\" name=\"your-name\" \/><\/span>\n<\/p>\n<p><span class=\"wpcf7-form-control-wrap\" data-name=\"your-email\"><input size=\"40\" class=\"wpcf7-form-control wpcf7-text wpcf7-email wpcf7-validates-as-required wpcf7-validates-as-email\" id=\"your-email\" aria-required=\"true\" aria-invalid=\"false\" placeholder=\"E-Mail\" value=\"\" type=\"email\" name=\"your-email\" \/><\/span>\n<\/p>\n<p><span class=\"wpcf7-form-control-wrap\" data-name=\"tel-32\"><input size=\"40\" class=\"wpcf7-form-control wpcf7-text wpcf7-tel wpcf7-validates-as-required wpcf7-validates-as-tel\" id=\"tel-32\" aria-required=\"true\" aria-invalid=\"false\" placeholder=\"Telefon Numaran\u0131z\" value=\"\" type=\"tel\" name=\"tel-32\" \/><\/span>\n<\/p>\n<p><span class=\"wpcf7-form-control-wrap\" data-name=\"text-121\"><input size=\"40\" class=\"wpcf7-form-control wpcf7-text\" id=\"text-121\" aria-invalid=\"false\" placeholder=\"Konu\" value=\"\" type=\"text\" name=\"text-121\" \/><\/span>\n<\/p>\n<p><span class=\"wpcf7-form-control-wrap\" data-name=\"your-message\"><textarea cols=\"40\" rows=\"3\" class=\"wpcf7-form-control wpcf7-textarea\" aria-invalid=\"false\" placeholder=\"Mesajiniz...\" name=\"your-message\"><\/textarea><\/span>\n<\/p>\n<p><span class=\"wpcf7-form-control-wrap\" data-name=\"file-610\"><input size=\"40\" class=\"wpcf7-form-control wpcf7-file\" accept=\".pdf,.doc,.xls,.xlsx,.rar,.zip\" aria-invalid=\"false\" type=\"file\" name=\"file-610\" \/><\/span>\n<\/p>\n<p>G\u00fcvenlik Sorusu: <span class=\"wpcf7-form-control-wrap\" data-name=\"math-quiz\"><label><span class=\"wpcf7-quiz-label\">10 \u00e7arp\u0131 2 ka\u00e7 eder?<\/span> <input size=\"40\" class=\"wpcf7-form-control wpcf7-quiz\" id=\"math-quiz\" autocomplete=\"off\" aria-required=\"true\" aria-invalid=\"false\" type=\"text\" name=\"math-quiz\" \/><\/label><input type=\"hidden\" name=\"_wpcf7_quiz_answer_math-quiz\" value=\"586280434ea062d9e49e4e768553b13a\" \/><\/span>\n<\/p>\n<p><input type=\"submit\" style=\"background-color:#d31c31;color:white;width:100%\" name=\"gonder\" id=\"singlebutton\" value=\"G\u00d6NDER\" \/>\n<\/p><div class=\"wpcf7-response-output\" aria-hidden=\"true\"><\/div><\/form><\/div>\n","protected":false},"excerpt":{"rendered":"","protected":false},"author":1023452,"featured_media":0,"parent":0,"menu_order":0,"comment_status":"closed","ping_status":"closed","template":"template-tags.php","meta":[],"_links":{"self":[{"href":"https:\/\/www.iyarder.org.tr\/supports\/index.php?rest_route=\/wp\/v2\/pages\/505"}],"collection":[{"href":"https:\/\/www.iyarder.org.tr\/supports\/index.php?rest_route=\/wp\/v2\/pages"}],"about":[{"href":"https:\/\/www.iyarder.org.tr\/supports\/index.php?rest_route=\/wp\/v2\/types\/page"}],"author":[{"embeddable":true,"href":"https:\/\/www.iyarder.org.tr\/supports\/index.php?rest_route=\/wp\/v2\/users\/1023452"}],"replies":[{"embeddable":true,"href":"https:\/\/www.iyarder.org.tr\/supports\/index.php?rest_route=%2Fwp%2Fv2%2Fcomments&post=505"}],"version-history":[{"count":24,"href":"https:\/\/www.iyarder.org.tr\/supports\/index.php?rest_route=\/wp\/v2\/pages\/505\/revisions"}],"predecessor-version":[{"id":1490,"href":"https:\/\/www.iyarder.org.tr\/supports\/index.php?rest_route=\/wp\/v2\/pages\/505\/revisions\/1490"}],"wp:attachment":[{"href":"https:\/\/www.iyarder.org.tr\/supports\/index.php?rest_route=%2Fwp%2Fv2%2Fmedia&parent=505"}],"curies":[{"name":"wp","href":"https:\/\/api.w.org\/{rel}","templated":true}]}}