{"id":833,"date":"2013-05-30T18:28:38","date_gmt":"2013-05-30T15:28:38","guid":{"rendered":"http:\/\/www.iyarder.org.tr\/supports\/?page_id=833"},"modified":"2025-12-18T01:04:31","modified_gmt":"2025-12-17T22:04:31","slug":"yonetmelik","status":"publish","type":"page","link":"https:\/\/www.iyarder.org.tr\/supports\/?page_id=833","title":{"rendered":"Yard\u0131m Sand\u0131\u011f\u0131 Y\u00f6netmeli\u011fi"},"content":{"rendered":"\r\n<p><iframe loading=\"lazy\" src=\"\/dilekceler\/iyarder_yardim_sandigi_2025.pdf\" width=\"100%\" height=\"600px\"><\/iframe><\/p>\r\n","protected":false},"excerpt":{"rendered":"","protected":false},"author":3,"featured_media":0,"parent":0,"menu_order":0,"comment_status":"closed","ping_status":"closed","template":"template-tags.php","meta":[],"_links":{"self":[{"href":"https:\/\/www.iyarder.org.tr\/supports\/index.php?rest_route=\/wp\/v2\/pages\/833"}],"collection":[{"href":"https:\/\/www.iyarder.org.tr\/supports\/index.php?rest_route=\/wp\/v2\/pages"}],"about":[{"href":"https:\/\/www.iyarder.org.tr\/supports\/index.php?rest_route=\/wp\/v2\/types\/page"}],"author":[{"embeddable":true,"href":"https:\/\/www.iyarder.org.tr\/supports\/index.php?rest_route=\/wp\/v2\/users\/3"}],"replies":[{"embeddable":true,"href":"https:\/\/www.iyarder.org.tr\/supports\/index.php?rest_route=%2Fwp%2Fv2%2Fcomments&post=833"}],"version-history":[{"count":46,"href":"https:\/\/www.iyarder.org.tr\/supports\/index.php?rest_route=\/wp\/v2\/pages\/833\/revisions"}],"predecessor-version":[{"id":0,"href":"https:\/\/www.iyarder.org.tr\/supports\/index.php?rest_route=\/wp\/v2\/pages\/833\/revisions\/0"}],"wp:attachment":[{"href":"https:\/\/www.iyarder.org.tr\/supports\/index.php?rest_route=%2Fwp%2Fv2%2Fmedia&parent=833"}],"curies":[{"name":"wp","href":"https:\/\/api.w.org\/{rel}","templated":true}]}}